{"id":125,"date":"2024-01-30T16:14:26","date_gmt":"2024-01-30T16:14:26","guid":{"rendered":"https:\/\/masterbbaa.usal.es\/?page_id=125"},"modified":"2026-04-19T21:06:33","modified_gmt":"2026-04-19T21:06:33","slug":"preinscripcion-admision-y-matricula","status":"publish","type":"page","link":"https:\/\/masterbbaa.usal.es\/en\/preinscripcion-admision-y-matricula\/","title":{"rendered":"(Espa\u00f1ol) Preinscripci\u00f3n, admisi\u00f3n y matr\u00edcula"},"content":{"rendered":"<p class=\"qtranxs-available-languages-message qtranxs-available-languages-message-en\">Sorry, this entry is only available in <a href=\"https:\/\/masterbbaa.usal.es\/es\/wp-json\/wp\/v2\/pages\/125\" class=\"qtranxs-available-language-link qtranxs-available-language-link-es\" title=\"Espa\u00f1ol\">Espa\u00f1ol<\/a>.<\/p>","protected":false},"excerpt":{"rendered":"<p>Sorry, this entry is only available in Espa\u00f1ol.<\/p>\n","protected":false},"author":100,"featured_media":0,"parent":0,"menu_order":0,"comment_status":"closed","ping_status":"closed","template":"","meta":{"footnotes":""},"class_list":["post-125","page","type-page","status-publish","hentry"],"aioseo_notices":[],"_links":{"self":[{"href":"https:\/\/masterbbaa.usal.es\/en\/wp-json\/wp\/v2\/pages\/125","targetHints":{"allow":["GET"]}}],"collection":[{"href":"https:\/\/masterbbaa.usal.es\/en\/wp-json\/wp\/v2\/pages"}],"about":[{"href":"https:\/\/masterbbaa.usal.es\/en\/wp-json\/wp\/v2\/types\/page"}],"author":[{"embeddable":true,"href":"https:\/\/masterbbaa.usal.es\/en\/wp-json\/wp\/v2\/users\/100"}],"replies":[{"embeddable":true,"href":"https:\/\/masterbbaa.usal.es\/en\/wp-json\/wp\/v2\/comments?post=125"}],"version-history":[{"count":29,"href":"https:\/\/masterbbaa.usal.es\/en\/wp-json\/wp\/v2\/pages\/125\/revisions"}],"predecessor-version":[{"id":440,"href":"https:\/\/masterbbaa.usal.es\/en\/wp-json\/wp\/v2\/pages\/125\/revisions\/440"}],"wp:attachment":[{"href":"https:\/\/masterbbaa.usal.es\/en\/wp-json\/wp\/v2\/media?parent=125"}],"curies":[{"name":"wp","href":"https:\/\/api.w.org\/{rel}","templated":true}]}}